{"id":810,"date":"2025-06-19T12:28:39","date_gmt":"2025-06-19T10:28:39","guid":{"rendered":"https:\/\/grupopolo.es\/about-us\/"},"modified":"2025-07-25T08:26:08","modified_gmt":"2025-07-25T06:26:08","slug":"sobre-nosotros","status":"publish","type":"page","link":"https:\/\/grupopolo.es\/es\/sobre-nosotros\/","title":{"rendered":"Sobre nosotros"},"content":{"rendered":"\n<div class=\"wp-block-group ic-page-about\"><div class=\"wp-block-group__inner-container is-layout-constrained wp-block-group-is-layout-constrained\">\n<div class=\"wp-block-cover is-light has-custom-content-position is-position-bottom-center\"><span aria-hidden=\"true\" class=\"wp-block-cover__background has-background-dim\" style=\"background-color:#7f8977\"><\/span><img loading=\"lazy\" decoding=\"async\" width=\"2500\" height=\"1406\" src=\"https:\/\/grupopolo.es\/wp-content\/uploads\/2025\/07\/gp_equipo_cabecera2.jpg\" class=\"wp-block-cover__image-background wp-post-image\" alt=\"\" data-object-fit=\"cover\" srcset=\"https:\/\/grupopolo.es\/wp-content\/uploads\/2025\/07\/gp_equipo_cabecera2.jpg 2500w, https:\/\/grupopolo.es\/wp-content\/uploads\/2025\/07\/gp_equipo_cabecera2-300x169.jpg 300w, https:\/\/grupopolo.es\/wp-content\/uploads\/2025\/07\/gp_equipo_cabecera2-1024x576.jpg 1024w, https:\/\/grupopolo.es\/wp-content\/uploads\/2025\/07\/gp_equipo_cabecera2-768x432.jpg 768w, https:\/\/grupopolo.es\/wp-content\/uploads\/2025\/07\/gp_equipo_cabecera2-1536x864.jpg 1536w, https:\/\/grupopolo.es\/wp-content\/uploads\/2025\/07\/gp_equipo_cabecera2-2048x1152.jpg 2048w\" sizes=\"auto, (max-width: 2500px) 100vw, 2500px\" \/><div class=\"wp-block-cover__inner-container is-layout-constrained wp-block-cover-is-layout-constrained\">\n<h1 class=\"wp-block-heading has-text-align-center\">Nuestra Historia<\/h1>\n\n\n\n<figure class=\"wp-block-image size-full\"><img loading=\"lazy\" decoding=\"async\" width=\"22\" height=\"82\" src=\"https:\/\/grupopolo.es\/wp-content\/uploads\/2025\/06\/icon-scroll.svg\" alt=\"\" class=\"wp-image-35\"\/><\/figure>\n<\/div><\/div>\n\n\n\n<div class=\"wp-block-group\"><div class=\"wp-block-group__inner-container is-layout-constrained wp-block-group-is-layout-constrained\">\n<div class=\"wp-block-columns container is-layout-flex wp-container-core-columns-is-layout-9d6595d7 wp-block-columns-is-layout-flex\">\n<div class=\"wp-block-column is-layout-flow wp-block-column-is-layout-flow\">\n<h2 class=\"wp-block-heading has-text-align-center mb-5\">70 a\u00f1os de historia en busca de la <em>perfecci\u00f3n<\/em><\/h2>\n\n\n\n<p class=\"has-text-align-center\">Desde 1951, Grupo Polo ha evolucionado consolid\u00e1ndose como un referente en la gesti\u00f3n de proyectos de alta gama. Somos una empresa familiar con una filosof\u00eda clara: unir conocimiento t\u00e9cnico, sensibilidad est\u00e9tica y una atenci\u00f3n cercana para crear proyectos con alma.<\/p>\n\n\n\n<p class=\"has-text-align-center\">Nuestra historia es un compromiso continuo con la excelencia, y hoy m\u00e1s que nunca, ofrecemos a nuestros clientes internacionales una experiencia integral y transparente en el mundo de la reforma y la construcci\u00f3n de villas de lujo.<\/p>\n\n\n<div class=\"wp-block-image\">\n<figure class=\"aligncenter size-large\"><img loading=\"lazy\" decoding=\"async\" width=\"22\" height=\"117\" src=\"https:\/\/grupopolo.es\/wp-content\/uploads\/2025\/06\/icon-scroll-green.svg\" alt=\"\" class=\"wp-image-39\"\/><\/figure>\n<\/div>\n\n\n<h3 class=\"wp-block-heading has-text-align-center mt-5\">Los Or\u00edgenes<\/h3>\n\n\n\n<div class=\"services-slider services-slider-home\">\n\n\n\n<div class=\"wp-block-group\"><div class=\"wp-block-group__inner-container is-layout-constrained wp-block-group-is-layout-constrained\">\n<div class=\"wp-block-columns is-layout-flex wp-container-core-columns-is-layout-9d6595d7 wp-block-columns-is-layout-flex\">\n<div class=\"wp-block-column is-layout-flow wp-block-column-is-layout-flow\" style=\"flex-basis:86px\"><\/div>\n\n\n\n<div class=\"wp-block-column is-layout-flow wp-block-column-is-layout-flow\">\n<h2 class=\"wp-block-heading\">Julian <em>Polo<\/em><\/h2>\n\n\n\n<p>Los primeros proyectos de construcci\u00f3n llevados a cabo por la familia Polo datan de finales del 1.800, liderados por Marcos Polo, en la provincia de Segovia, en el centro de Espa\u00f1a.<\/p>\n\n\n\n<p>Llegado el momento, el hijo de Marcos, Aquilino Polo, decide seguir los pasos de su padre y continuar la tradici\u00f3n familiar. En los a\u00f1os siguientes dirige y construye importantes edificios de la comarca en aquel tiempo, incluyendo algunos cuarteles de la Guardia Civil y Ayuntamientos.<\/p>\n\n\n\n<p>El hijo de Aquilino se une al negocio familiar posteriormente, pero el m\u00e1s joven de los Polo ten\u00eda ambiciones m\u00e1s altas, y una visi\u00f3n m\u00e1s all\u00e1 de la provincia que hab\u00eda sido la casa de su familia durante siglos.<\/p>\n\n\n\n<p>En 1951 <strong>Juli\u00e1n Polo <\/strong>se traslada a Valladolid, donde <strong>funda Grupo Polo.<\/strong><\/p>\n<\/div>\n\n\n\n<div class=\"wp-block-column is-layout-flow wp-block-column-is-layout-flow\">\n<figure class=\"wp-block-image size-full\"><img loading=\"lazy\" decoding=\"async\" width=\"536\" height=\"581\" src=\"https:\/\/grupopolo.es\/wp-content\/uploads\/2025\/06\/origin-1.png\" alt=\"\" class=\"wp-image-744\" srcset=\"https:\/\/grupopolo.es\/wp-content\/uploads\/2025\/06\/origin-1.png 536w, https:\/\/grupopolo.es\/wp-content\/uploads\/2025\/06\/origin-1-277x300.png 277w\" sizes=\"auto, (max-width: 536px) 100vw, 536px\" \/><\/figure>\n<\/div>\n\n\n\n<div class=\"wp-block-column is-layout-flow wp-block-column-is-layout-flow\" style=\"flex-basis:86px\"><\/div>\n<\/div>\n<\/div><\/div>\n\n\n\n<div class=\"wp-block-group\"><div class=\"wp-block-group__inner-container is-layout-constrained wp-block-group-is-layout-constrained\">\n<div class=\"wp-block-columns is-layout-flex wp-container-core-columns-is-layout-9d6595d7 wp-block-columns-is-layout-flex\">\n<div class=\"wp-block-column is-layout-flow wp-block-column-is-layout-flow\" style=\"flex-basis:86px\"><\/div>\n\n\n\n<div class=\"wp-block-column is-layout-flow wp-block-column-is-layout-flow\">\n<h2 class=\"wp-block-heading\">Valladolid<\/h2>\n\n\n\n<p>En la ciudad de Valladolid, Grupo Polo comienza la construcci\u00f3n de varias naves industriales, en las que emplea soluciones vanguardistas que permiten la creaci\u00f3n de grandes espacios di\u00e1fanos sin pilares.<\/p>\n\n\n\n<p>Entonces Juli\u00e1n Polo funda la sociedad Provasa, construyendo docenas de bloques de apartamentos con los m\u00e1s altos est\u00e1ndares en el centro de Valladolid, y creando espacios de trabajo y sedes de oficinas de prestigiosas compa\u00f1\u00edas como Editorial Planeta, Mutua Monta\u00f1esa o Thyssen Boetticher.<br><\/p>\n<\/div>\n\n\n\n<div class=\"wp-block-column is-layout-flow wp-block-column-is-layout-flow\">\n<figure class=\"wp-block-image size-full\"><img loading=\"lazy\" decoding=\"async\" width=\"536\" height=\"580\" src=\"https:\/\/grupopolo.es\/wp-content\/uploads\/2025\/06\/valladolid-2.png\" alt=\"\" class=\"wp-image-748\" srcset=\"https:\/\/grupopolo.es\/wp-content\/uploads\/2025\/06\/valladolid-2.png 536w, https:\/\/grupopolo.es\/wp-content\/uploads\/2025\/06\/valladolid-2-277x300.png 277w\" sizes=\"auto, (max-width: 536px) 100vw, 536px\" \/><\/figure>\n<\/div>\n\n\n\n<div class=\"wp-block-column is-layout-flow wp-block-column-is-layout-flow\" style=\"flex-basis:86px\"><\/div>\n<\/div>\n<\/div><\/div>\n\n\n\n<div class=\"wp-block-group\"><div class=\"wp-block-group__inner-container is-layout-constrained wp-block-group-is-layout-constrained\">\n<div class=\"wp-block-columns is-layout-flex wp-container-core-columns-is-layout-9d6595d7 wp-block-columns-is-layout-flex\">\n<div class=\"wp-block-column is-layout-flow wp-block-column-is-layout-flow\" style=\"flex-basis:86px\"><\/div>\n\n\n\n<div class=\"wp-block-column is-layout-flow wp-block-column-is-layout-flow\">\n<h2 class=\"wp-block-heading\">Descubriendo <em>Marbella<\/em><\/h2>\n\n\n\n<p>Lo cierto es que un mapa desfasado durante unas vacaciones de verano en 1983, lleva a la familia Polo a descubrir Marbella. Nunca tomar unadirecci\u00f3n equivocada fue tan acertado. Los maravillosos paisajes, clima y cultura, hacen sumamente atractiva la idea de construir villas de lujo.<\/p>\n\n\n\n<p><strong>En 1983, Grupo Polo comienza la construcci\u00f3n de sus primeras villas en Marbella<\/strong>, donde ha quedado hasta el d\u00eda de hoy, en el que acumula 40 a\u00f1os de experiencia en este nicho \u00fanico.<\/p>\n<\/div>\n\n\n\n<div class=\"wp-block-column is-layout-flow wp-block-column-is-layout-flow\">\n<figure class=\"wp-block-image size-full\"><img loading=\"lazy\" decoding=\"async\" width=\"503\" height=\"545\" src=\"https:\/\/grupopolo.es\/wp-content\/uploads\/2025\/06\/origin-marbella-1.png\" alt=\"\" class=\"wp-image-746\" srcset=\"https:\/\/grupopolo.es\/wp-content\/uploads\/2025\/06\/origin-marbella-1.png 503w, https:\/\/grupopolo.es\/wp-content\/uploads\/2025\/06\/origin-marbella-1-277x300.png 277w\" sizes=\"auto, (max-width: 503px) 100vw, 503px\" \/><\/figure>\n<\/div>\n\n\n\n<div class=\"wp-block-column is-layout-flow wp-block-column-is-layout-flow\" style=\"flex-basis:86px\"><\/div>\n<\/div>\n<\/div><\/div>\n\n\n\n<\/div>\n<\/div>\n<\/div>\n<\/div><\/div>\n\n\n\n<div class=\"wp-block-group ic-bggreen\"><div class=\"wp-block-group__inner-container is-layout-constrained wp-block-group-is-layout-constrained\">\n<div class=\"wp-block-columns container is-layout-flex wp-container-core-columns-is-layout-9d6595d7 wp-block-columns-is-layout-flex\">\n<div class=\"wp-block-column is-layout-flow wp-block-column-is-layout-flow\"><div class=\"wp-block-image\">\n<figure class=\"aligncenter size-large\"><img loading=\"lazy\" decoding=\"async\" width=\"22\" height=\"117\" src=\"https:\/\/grupopolo.es\/wp-content\/uploads\/2025\/06\/icon-scroll-long.svg\" alt=\"\" class=\"wp-image-718\"\/><\/figure>\n<\/div>\n\n\n<h3 class=\"wp-block-heading has-text-align-center\">LA COMPA\u00d1\u00cdA HOY:<br>PROMOTORES Y PROJECT MANAGERS<\/h3>\n\n\n\n<p class=\"has-text-align-center\">Sofia Polo es Arquitecto T\u00e9cnico graduado por la Universidad de Sevilla. Es especialista en Patolog\u00eda de la Edificaci\u00f3n, y posee el m\u00e1ster en AD-1 del Instituto Internacional San Telmo.<\/p>\n\n\n\n<p class=\"has-text-align-center\">Hoy, Grupo Polo pone a disposici\u00f3n del cliente su propio sistema \u201cUNICO\u201d, y ofrece servicios integrales de <strong>Project Management<\/strong> para villas de lujo, coordinando cada fase del proyecto con rigurosidad, transparencia y gusto por el detalle. Con la misma dedicaci\u00f3n que nos caracteriza, hemos comenzado una nueva etapa internacional en la <strong>Rep\u00fablica Dominicana<\/strong>, llevando nuestra experiencia a nuevos destinos con la misma pasi\u00f3n por la excelencia que nos ha guiado durante m\u00e1s de 70 a\u00f1os.<\/p>\n\n\n\n<figure class=\"wp-block-image size-full ic-sofia\"><img loading=\"lazy\" decoding=\"async\" width=\"1920\" height=\"663\" src=\"https:\/\/grupopolo.es\/wp-content\/uploads\/2025\/06\/gp_Sofia.jpg\" alt=\"\" class=\"wp-image-742\" srcset=\"https:\/\/grupopolo.es\/wp-content\/uploads\/2025\/06\/gp_Sofia.jpg 1920w, https:\/\/grupopolo.es\/wp-content\/uploads\/2025\/06\/gp_Sofia-300x104.jpg 300w, https:\/\/grupopolo.es\/wp-content\/uploads\/2025\/06\/gp_Sofia-1024x354.jpg 1024w, https:\/\/grupopolo.es\/wp-content\/uploads\/2025\/06\/gp_Sofia-768x265.jpg 768w, https:\/\/grupopolo.es\/wp-content\/uploads\/2025\/06\/gp_Sofia-1536x530.jpg 1536w\" sizes=\"auto, (max-width: 1920px) 100vw, 1920px\" \/><figcaption class=\"wp-element-caption\">Sof\u00eda Polo<\/figcaption><\/figure>\n\n\n<div class=\"wp-block-image\">\n<figure class=\"aligncenter size-large\"><img loading=\"lazy\" decoding=\"async\" width=\"22\" height=\"117\" src=\"https:\/\/grupopolo.es\/wp-content\/uploads\/2025\/06\/icon-scroll-long.svg\" alt=\"\" class=\"wp-image-718\"\/><\/figure>\n<\/div>\n\n\n<h3 class=\"wp-block-heading has-text-align-center mb-4\">nuestro \u00e9xito<\/h3>\n\n\n\n<h2 class=\"wp-block-heading has-text-align-center mt-0\"><em>Los n\u00fameros hablan por<\/em> s\u00ed solos<\/h2>\n\n\n\n<ul class=\"wp-block-list ic-list-numbers\">\n<li>+ 40 a\u00f1os de experiencia<\/li>\n\n\n\n<li>+ 240.000.000 \u20ac<br>valor en mercado<\/li>\n\n\n\n<li>+ 80.000 m2 construidos<\/li>\n<\/ul>\n<\/div>\n<\/div>\n<\/div><\/div>\n<\/div><\/div>\n","protected":false},"excerpt":{"rendered":"<p>70 a\u00f1os de historia en busca de la perfecci\u00f3n Desde 1951, Grupo Polo ha evolucionado consolid\u00e1ndose como un referente en la gesti\u00f3n de proyectos de alta gama. Somos una empresa familiar con una filosof\u00eda clara:&#8230;<\/p>\n","protected":false},"author":1,"featured_media":860,"parent":0,"menu_order":0,"comment_status":"closed","ping_status":"closed","template":"","meta":{"_acf_changed":false,"inline_featured_image":false,"footnotes":""},"class_list":["post-810","page","type-page","status-publish","has-post-thumbnail","hentry"],"acf":[],"yoast_head":"<!-- This site is optimized with the Yoast SEO plugin v27.4 - https:\/\/yoast.com\/product\/yoast-seo-wordpress\/ -->\n<title>Grupo Polo Marbella | Sobre Nosotros<\/title>\n<meta name=\"description\" content=\"Con 70 a\u00f1os perfeccionando el desarrollo de villas de lujo, nuestra trayectoria es sin\u00f3nimo de excelencia. Contacta con nosotros para recibir asesoramiento experto en tu pr\u00f3ximo proyecto a medida.\" \/>\n<meta name=\"robots\" content=\"index, follow, max-snippet:-1, max-image-preview:large, max-video-preview:-1\" \/>\n<link rel=\"canonical\" href=\"https:\/\/grupopolo.es\/es\/sobre-nosotros\/\" \/>\n<meta property=\"og:locale\" content=\"es_ES\" \/>\n<meta property=\"og:type\" content=\"article\" \/>\n<meta property=\"og:title\" content=\"Grupo Polo Marbella | Sobre Nosotros\" \/>\n<meta property=\"og:description\" content=\"Con 70 a\u00f1os perfeccionando el desarrollo de villas de lujo, nuestra trayectoria es sin\u00f3nimo de excelencia. Contacta con nosotros para recibir asesoramiento experto en tu pr\u00f3ximo proyecto a medida.\" \/>\n<meta property=\"og:url\" content=\"https:\/\/grupopolo.es\/es\/sobre-nosotros\/\" \/>\n<meta property=\"og:site_name\" content=\"Grupo Polo\" \/>\n<meta property=\"article:modified_time\" content=\"2025-07-25T06:26:08+00:00\" \/>\n<meta property=\"og:image\" content=\"https:\/\/grupopolo.es\/wp-content\/uploads\/2025\/07\/gp_equipo_cabecera2.jpg\" \/>\n\t<meta property=\"og:image:width\" content=\"2500\" \/>\n\t<meta property=\"og:image:height\" content=\"1406\" \/>\n\t<meta property=\"og:image:type\" content=\"image\/jpeg\" \/>\n<meta name=\"twitter:card\" content=\"summary_large_image\" \/>\n<meta name=\"twitter:label1\" content=\"Tiempo de lectura\" \/>\n\t<meta name=\"twitter:data1\" content=\"5 minutos\" \/>\n<script type=\"application\/ld+json\" class=\"yoast-schema-graph\">{\"@context\":\"https:\\\/\\\/schema.org\",\"@graph\":[{\"@type\":\"WebPage\",\"@id\":\"https:\\\/\\\/grupopolo.es\\\/es\\\/sobre-nosotros\\\/\",\"url\":\"https:\\\/\\\/grupopolo.es\\\/es\\\/sobre-nosotros\\\/\",\"name\":\"Grupo Polo Marbella | Sobre Nosotros\",\"isPartOf\":{\"@id\":\"https:\\\/\\\/grupopolo.es\\\/es\\\/#website\"},\"primaryImageOfPage\":{\"@id\":\"https:\\\/\\\/grupopolo.es\\\/es\\\/sobre-nosotros\\\/#primaryimage\"},\"image\":{\"@id\":\"https:\\\/\\\/grupopolo.es\\\/es\\\/sobre-nosotros\\\/#primaryimage\"},\"thumbnailUrl\":\"https:\\\/\\\/grupopolo.es\\\/wp-content\\\/uploads\\\/2025\\\/07\\\/gp_equipo_cabecera2.jpg\",\"datePublished\":\"2025-06-19T10:28:39+00:00\",\"dateModified\":\"2025-07-25T06:26:08+00:00\",\"description\":\"Con 70 a\u00f1os perfeccionando el desarrollo de villas de lujo, nuestra trayectoria es sin\u00f3nimo de excelencia. Contacta con nosotros para recibir asesoramiento experto en tu pr\u00f3ximo proyecto a medida.\",\"breadcrumb\":{\"@id\":\"https:\\\/\\\/grupopolo.es\\\/es\\\/sobre-nosotros\\\/#breadcrumb\"},\"inLanguage\":\"es\",\"potentialAction\":[{\"@type\":\"ReadAction\",\"target\":[\"https:\\\/\\\/grupopolo.es\\\/es\\\/sobre-nosotros\\\/\"]}]},{\"@type\":\"ImageObject\",\"inLanguage\":\"es\",\"@id\":\"https:\\\/\\\/grupopolo.es\\\/es\\\/sobre-nosotros\\\/#primaryimage\",\"url\":\"https:\\\/\\\/grupopolo.es\\\/wp-content\\\/uploads\\\/2025\\\/07\\\/gp_equipo_cabecera2.jpg\",\"contentUrl\":\"https:\\\/\\\/grupopolo.es\\\/wp-content\\\/uploads\\\/2025\\\/07\\\/gp_equipo_cabecera2.jpg\",\"width\":2500,\"height\":1406},{\"@type\":\"BreadcrumbList\",\"@id\":\"https:\\\/\\\/grupopolo.es\\\/es\\\/sobre-nosotros\\\/#breadcrumb\",\"itemListElement\":[{\"@type\":\"ListItem\",\"position\":1,\"name\":\"Home\",\"item\":\"https:\\\/\\\/grupopolo.es\\\/es\\\/\"},{\"@type\":\"ListItem\",\"position\":2,\"name\":\"Sobre nosotros\"}]},{\"@type\":\"WebSite\",\"@id\":\"https:\\\/\\\/grupopolo.es\\\/es\\\/#website\",\"url\":\"https:\\\/\\\/grupopolo.es\\\/es\\\/\",\"name\":\"Grupo Polo\",\"description\":\"A property developer with 40 years of expertise in Marbella.\",\"publisher\":{\"@id\":\"https:\\\/\\\/grupopolo.es\\\/es\\\/#organization\"},\"alternateName\":\"Grupo Polo\",\"potentialAction\":[{\"@type\":\"SearchAction\",\"target\":{\"@type\":\"EntryPoint\",\"urlTemplate\":\"https:\\\/\\\/grupopolo.es\\\/es\\\/?s={search_term_string}\"},\"query-input\":{\"@type\":\"PropertyValueSpecification\",\"valueRequired\":true,\"valueName\":\"search_term_string\"}}],\"inLanguage\":\"es\"},{\"@type\":\"Organization\",\"@id\":\"https:\\\/\\\/grupopolo.es\\\/es\\\/#organization\",\"name\":\"Grupo Polo\",\"alternateName\":\"Grupo Polo\",\"url\":\"https:\\\/\\\/grupopolo.es\\\/es\\\/\",\"logo\":{\"@type\":\"ImageObject\",\"inLanguage\":\"es\",\"@id\":\"https:\\\/\\\/grupopolo.es\\\/es\\\/#\\\/schema\\\/logo\\\/image\\\/\",\"url\":\"https:\\\/\\\/grupopolo.es\\\/wp-content\\\/uploads\\\/2025\\\/06\\\/logo-grupo-polo.svg\",\"contentUrl\":\"https:\\\/\\\/grupopolo.es\\\/wp-content\\\/uploads\\\/2025\\\/06\\\/logo-grupo-polo.svg\",\"width\":101,\"height\":106,\"caption\":\"Grupo Polo\"},\"image\":{\"@id\":\"https:\\\/\\\/grupopolo.es\\\/es\\\/#\\\/schema\\\/logo\\\/image\\\/\"}}]}<\/script>\n<!-- \/ Yoast SEO plugin. -->","yoast_head_json":{"title":"Grupo Polo Marbella | Sobre Nosotros","description":"Con 70 a\u00f1os perfeccionando el desarrollo de villas de lujo, nuestra trayectoria es sin\u00f3nimo de excelencia. Contacta con nosotros para recibir asesoramiento experto en tu pr\u00f3ximo proyecto a medida.","robots":{"index":"index","follow":"follow","max-snippet":"max-snippet:-1","max-image-preview":"max-image-preview:large","max-video-preview":"max-video-preview:-1"},"canonical":"https:\/\/grupopolo.es\/es\/sobre-nosotros\/","og_locale":"es_ES","og_type":"article","og_title":"Grupo Polo Marbella | Sobre Nosotros","og_description":"Con 70 a\u00f1os perfeccionando el desarrollo de villas de lujo, nuestra trayectoria es sin\u00f3nimo de excelencia. Contacta con nosotros para recibir asesoramiento experto en tu pr\u00f3ximo proyecto a medida.","og_url":"https:\/\/grupopolo.es\/es\/sobre-nosotros\/","og_site_name":"Grupo Polo","article_modified_time":"2025-07-25T06:26:08+00:00","og_image":[{"width":2500,"height":1406,"url":"https:\/\/grupopolo.es\/wp-content\/uploads\/2025\/07\/gp_equipo_cabecera2.jpg","type":"image\/jpeg"}],"twitter_card":"summary_large_image","twitter_misc":{"Tiempo de lectura":"5 minutos"},"schema":{"@context":"https:\/\/schema.org","@graph":[{"@type":"WebPage","@id":"https:\/\/grupopolo.es\/es\/sobre-nosotros\/","url":"https:\/\/grupopolo.es\/es\/sobre-nosotros\/","name":"Grupo Polo Marbella | Sobre Nosotros","isPartOf":{"@id":"https:\/\/grupopolo.es\/es\/#website"},"primaryImageOfPage":{"@id":"https:\/\/grupopolo.es\/es\/sobre-nosotros\/#primaryimage"},"image":{"@id":"https:\/\/grupopolo.es\/es\/sobre-nosotros\/#primaryimage"},"thumbnailUrl":"https:\/\/grupopolo.es\/wp-content\/uploads\/2025\/07\/gp_equipo_cabecera2.jpg","datePublished":"2025-06-19T10:28:39+00:00","dateModified":"2025-07-25T06:26:08+00:00","description":"Con 70 a\u00f1os perfeccionando el desarrollo de villas de lujo, nuestra trayectoria es sin\u00f3nimo de excelencia. Contacta con nosotros para recibir asesoramiento experto en tu pr\u00f3ximo proyecto a medida.","breadcrumb":{"@id":"https:\/\/grupopolo.es\/es\/sobre-nosotros\/#breadcrumb"},"inLanguage":"es","potentialAction":[{"@type":"ReadAction","target":["https:\/\/grupopolo.es\/es\/sobre-nosotros\/"]}]},{"@type":"ImageObject","inLanguage":"es","@id":"https:\/\/grupopolo.es\/es\/sobre-nosotros\/#primaryimage","url":"https:\/\/grupopolo.es\/wp-content\/uploads\/2025\/07\/gp_equipo_cabecera2.jpg","contentUrl":"https:\/\/grupopolo.es\/wp-content\/uploads\/2025\/07\/gp_equipo_cabecera2.jpg","width":2500,"height":1406},{"@type":"BreadcrumbList","@id":"https:\/\/grupopolo.es\/es\/sobre-nosotros\/#breadcrumb","itemListElement":[{"@type":"ListItem","position":1,"name":"Home","item":"https:\/\/grupopolo.es\/es\/"},{"@type":"ListItem","position":2,"name":"Sobre nosotros"}]},{"@type":"WebSite","@id":"https:\/\/grupopolo.es\/es\/#website","url":"https:\/\/grupopolo.es\/es\/","name":"Grupo Polo","description":"A property developer with 40 years of expertise in Marbella.","publisher":{"@id":"https:\/\/grupopolo.es\/es\/#organization"},"alternateName":"Grupo Polo","potentialAction":[{"@type":"SearchAction","target":{"@type":"EntryPoint","urlTemplate":"https:\/\/grupopolo.es\/es\/?s={search_term_string}"},"query-input":{"@type":"PropertyValueSpecification","valueRequired":true,"valueName":"search_term_string"}}],"inLanguage":"es"},{"@type":"Organization","@id":"https:\/\/grupopolo.es\/es\/#organization","name":"Grupo Polo","alternateName":"Grupo Polo","url":"https:\/\/grupopolo.es\/es\/","logo":{"@type":"ImageObject","inLanguage":"es","@id":"https:\/\/grupopolo.es\/es\/#\/schema\/logo\/image\/","url":"https:\/\/grupopolo.es\/wp-content\/uploads\/2025\/06\/logo-grupo-polo.svg","contentUrl":"https:\/\/grupopolo.es\/wp-content\/uploads\/2025\/06\/logo-grupo-polo.svg","width":101,"height":106,"caption":"Grupo Polo"},"image":{"@id":"https:\/\/grupopolo.es\/es\/#\/schema\/logo\/image\/"}}]}},"_links":{"self":[{"href":"https:\/\/grupopolo.es\/es\/wp-json\/wp\/v2\/pages\/810","targetHints":{"allow":["GET"]}}],"collection":[{"href":"https:\/\/grupopolo.es\/es\/wp-json\/wp\/v2\/pages"}],"about":[{"href":"https:\/\/grupopolo.es\/es\/wp-json\/wp\/v2\/types\/page"}],"author":[{"embeddable":true,"href":"https:\/\/grupopolo.es\/es\/wp-json\/wp\/v2\/users\/1"}],"replies":[{"embeddable":true,"href":"https:\/\/grupopolo.es\/es\/wp-json\/wp\/v2\/comments?post=810"}],"version-history":[{"count":0,"href":"https:\/\/grupopolo.es\/es\/wp-json\/wp\/v2\/pages\/810\/revisions"}],"wp:featuredmedia":[{"embeddable":true,"href":"https:\/\/grupopolo.es\/es\/wp-json\/wp\/v2\/media\/860"}],"wp:attachment":[{"href":"https:\/\/grupopolo.es\/es\/wp-json\/wp\/v2\/media?parent=810"}],"curies":[{"name":"wp","href":"https:\/\/api.w.org\/{rel}","templated":true}]}}